{"id":830,"date":"2025-10-28T23:14:02","date_gmt":"2025-10-28T23:14:02","guid":{"rendered":"https:\/\/flynova.mk\/?product=glownest-candle-holder"},"modified":"2025-11-01T14:11:33","modified_gmt":"2025-11-01T14:11:33","slug":"glownest-candle-holder","status":"publish","type":"product","link":"https:\/\/flynova.mk\/?product=glownest-candle-holder","title":{"rendered":"GlowNest Candle"},"content":{"rendered":"<p>GlowNest \u0435 \u0434\u0440\u0436\u0430\u0447 \u0437\u0430 \u0441\u0432\u0435\u045c\u0438 \u0441\u043e \u043c\u0435\u043a\u0438 \u043b\u0438\u043d\u0438\u0438 \u0448\u0442\u043e \u0458\u0430 \u0433\u0443\u0448\u043a\u0430 \u0441\u0435\u043a\u043e\u0458\u0430 \u0441\u0432\u0435\u0442\u043b\u0438\u043d\u0430 \u0441\u043e \u0442\u043e\u043f\u043b\u0438\u043d\u0430. \u0421\u043e \u0441\u0432\u043e\u0438\u0442\u0435 \u0435\u043b\u0435\u0433\u0430\u043d\u0442\u043d\u0438 \u043e\u0431\u043b\u0438\u0446\u0438 \u0438 \u0442\u0430\u043d\u0446\u0443\u0432\u0430\u0447\u043a\u0438 \u043f\u043b\u0430\u043c\u0435\u043d\u0447\u0438\u045a\u0430, \u0441\u043e\u0437\u0434\u0430\u0432\u0430 \u043c\u0430\u0433\u0438\u0447\u043d\u0430 \u0438 \u043c\u0438\u0440\u043d\u0430 \u0430\u0442\u043c\u043e\u0441\u0444\u0435\u0440\u0430 \u0432\u043e \u0441\u0435\u043a\u043e\u0458\u0430 \u043f\u0440\u043e\u0441\u0442\u043e\u0440\u0438\u0458\u0430.<\/p>\n<p>&#8211;<\/p>\n<p>GlowNest \u00ebsht\u00eb nj\u00eb mbajt\u00ebse qirinjsh me forma t\u00eb buta q\u00eb p\u00ebrqafon \u00e7do drit\u00eb me ngroht\u00ebsi. Me linjat e saj elegante dhe flak\u00ebt q\u00eb vall\u00ebzojn\u00eb, sjell nj\u00eb ndjesi qet\u00ebsie dhe magjie n\u00eb \u00e7do ambient.<\/p>\n","protected":false},"excerpt":{"rendered":"<p>GlowNest is a softly swirling candle holder that wraps each light in a warm embrace. Its gentle curves and dancing flames create a cozy, magical corner in any room \u2014 where calm and charm meet.<\/p>\n<p>&nbsp;<\/p>\n","protected":false},"featured_media":827,"comment_status":"open","ping_status":"closed","template":"","meta":[],"product_brand":[],"product_cat":[29],"product_tag":[],"class_list":{"0":"post-830","1":"product","2":"type-product","3":"status-publish","4":"has-post-thumbnail","6":"product_cat-home-decor","8":"first","9":"instock","10":"shipping-taxable","11":"purchasable","12":"product-type-simple"},"jetpack_sharing_enabled":true,"_links":{"self":[{"href":"https:\/\/flynova.mk\/index.php?rest_route=\/wp\/v2\/product\/830","targetHints":{"allow":["GET"]}}],"collection":[{"href":"https:\/\/flynova.mk\/index.php?rest_route=\/wp\/v2\/product"}],"about":[{"href":"https:\/\/flynova.mk\/index.php?rest_route=\/wp\/v2\/types\/product"}],"replies":[{"embeddable":true,"href":"https:\/\/flynova.mk\/index.php?rest_route=%2Fwp%2Fv2%2Fcomments&post=830"}],"wp:featuredmedia":[{"embeddable":true,"href":"https:\/\/flynova.mk\/index.php?rest_route=\/wp\/v2\/media\/827"}],"wp:attachment":[{"href":"https:\/\/flynova.mk\/index.php?rest_route=%2Fwp%2Fv2%2Fmedia&parent=830"}],"wp:term":[{"taxonomy":"product_brand","embeddable":true,"href":"https:\/\/flynova.mk\/index.php?rest_route=%2Fwp%2Fv2%2Fproduct_brand&post=830"},{"taxonomy":"product_cat","embeddable":true,"href":"https:\/\/flynova.mk\/index.php?rest_route=%2Fwp%2Fv2%2Fproduct_cat&post=830"},{"taxonomy":"product_tag","embeddable":true,"href":"https:\/\/flynova.mk\/index.php?rest_route=%2Fwp%2Fv2%2Fproduct_tag&post=830"}],"curies":[{"name":"wp","href":"https:\/\/api.w.org\/{rel}","templated":true}]}}