{"id":368,"date":"2025-10-14T22:31:02","date_gmt":"2025-10-14T22:31:02","guid":{"rendered":"https:\/\/flynova.mk\/?post_type=product&#038;p=368"},"modified":"2025-10-27T13:12:21","modified_gmt":"2025-10-27T13:12:21","slug":"customize-name-christmas-gift-3","status":"publish","type":"product","link":"https:\/\/flynova.mk\/?product=customize-name-christmas-gift-3","title":{"rendered":"Customize Name Christmas Gift"},"content":{"rendered":"<p data-start=\"62\" data-end=\"311\">\u0414\u043e\u0434\u0430\u0458\u0442\u0435 \u043f\u0440\u0430\u0437\u043d\u0438\u0447\u0435\u043d \u0434\u043e\u043f\u0438\u0440 \u043d\u0430 \u0432\u0430\u0448\u0438\u0442\u0435 \u043f\u043e\u0434\u0430\u0440\u043e\u0446\u0438 \u0441\u043e \u043e\u0432\u0438\u0435 \u043f\u0435\u0440\u0441\u043e\u043d\u0430\u043b\u0438\u0437\u0438\u0440\u0430\u043d\u0438 \u043e\u0437\u043d\u0430\u043a\u0438! \u0421\u0435\u043a\u043e\u0458\u0430 \u043e\u0437\u043d\u0430\u043a\u0430 \u0438\u043c\u0430 3D \u0441\u043d\u0435\u0436\u0438\u043d\u043a\u0430, \u0434\u0440\u0432\u0458\u0430 \u0438 \u0438\u0437\u0431\u0440\u0430\u043d\u043e \u0438\u043c\u0435 \u2014 \u0441\u043e\u0432\u0440\u0448\u0435\u043d\u0430 \u043a\u043e\u043c\u0431\u0438\u043d\u0430\u0446\u0438\u0458\u0430 \u043d\u0430 \u0448\u0430\u0440\u043c \u0438 \u043f\u0435\u0440\u0441\u043e\u043d\u0430\u043b\u0438\u0437\u0430\u0446\u0438\u0458\u0430. \u041e\u0434\u043b\u0438\u0447\u043d\u0438 \u0437\u0430 \u043f\u043e\u0434\u0430\u0440\u043e\u0446\u0438, \u0447\u043e\u0440\u0430\u043f\u0438 \u0438\u043b\u0438 \u043f\u0440\u0430\u0437\u043d\u0438\u0447\u043d\u0430 \u0434\u0435\u043a\u043e\u0440\u0430\u0446\u0438\u0458\u0430!<\/p>\n<p data-start=\"313\" data-end=\"571\" data-is-only-node=\"\"><br data-start=\"326\" data-end=\"329\" \/>Shtoni nj\u00eb prekje festive dhuratave tuaja me k\u00ebto etiketa me em\u00ebr t\u00eb personalizuar! \u00c7do etiket\u00eb ka nj\u00eb bor\u00ebflake 3D, pem\u00eb dhe emrin q\u00eb ju zgjidhni \u2014 kombinimi perfekt i stilit dhe personalizimit. Ideale p\u00ebr dhurata, \u00e7orape ose dekor festiv!<\/p>\n","protected":false},"excerpt":{"rendered":"<p>Add a festive touch to your presents with these custom name tags! Each tag features a 3D snowflake, trees, and your chosen name \u2014 the perfect blend of charm and personalization. Great for gifts, stockings, or holiday d\u00e9cor!&#8230;<\/p>\n","protected":false},"featured_media":359,"comment_status":"open","ping_status":"closed","template":"","meta":[],"product_brand":[],"product_cat":[22],"product_tag":[],"class_list":{"0":"post-368","1":"product","2":"type-product","3":"status-publish","4":"has-post-thumbnail","6":"product_cat-christmas","7":"wcpa_has_options","9":"first","10":"instock","11":"sale","12":"shipping-taxable","13":"purchasable","14":"product-type-simple"},"jetpack_sharing_enabled":true,"_links":{"self":[{"href":"https:\/\/flynova.mk\/index.php?rest_route=\/wp\/v2\/product\/368","targetHints":{"allow":["GET"]}}],"collection":[{"href":"https:\/\/flynova.mk\/index.php?rest_route=\/wp\/v2\/product"}],"about":[{"href":"https:\/\/flynova.mk\/index.php?rest_route=\/wp\/v2\/types\/product"}],"replies":[{"embeddable":true,"href":"https:\/\/flynova.mk\/index.php?rest_route=%2Fwp%2Fv2%2Fcomments&post=368"}],"wp:featuredmedia":[{"embeddable":true,"href":"https:\/\/flynova.mk\/index.php?rest_route=\/wp\/v2\/media\/359"}],"wp:attachment":[{"href":"https:\/\/flynova.mk\/index.php?rest_route=%2Fwp%2Fv2%2Fmedia&parent=368"}],"wp:term":[{"taxonomy":"product_brand","embeddable":true,"href":"https:\/\/flynova.mk\/index.php?rest_route=%2Fwp%2Fv2%2Fproduct_brand&post=368"},{"taxonomy":"product_cat","embeddable":true,"href":"https:\/\/flynova.mk\/index.php?rest_route=%2Fwp%2Fv2%2Fproduct_cat&post=368"},{"taxonomy":"product_tag","embeddable":true,"href":"https:\/\/flynova.mk\/index.php?rest_route=%2Fwp%2Fv2%2Fproduct_tag&post=368"}],"curies":[{"name":"wp","href":"https:\/\/api.w.org\/{rel}","templated":true}]}}