{"id":366,"date":"2025-10-14T22:22:22","date_gmt":"2025-10-14T22:22:22","guid":{"rendered":"https:\/\/flynova.mk\/?post_type=product&#038;p=366"},"modified":"2025-10-27T13:44:39","modified_gmt":"2025-10-27T13:44:39","slug":"portable-cable-winder-organizer","status":"publish","type":"product","link":"https:\/\/flynova.mk\/?product=portable-cable-winder-organizer","title":{"rendered":"Portable Cable Winder Organizer"},"content":{"rendered":"<p data-start=\"388\" data-end=\"652\">\u0427\u0443\u0432\u0430\u0458\u0442\u0435 \u0433\u0438 \u0432\u0430\u0448\u0438\u0442\u0435 \u043a\u0430\u0431\u043b\u0438 \u0443\u0440\u0435\u0434\u043d\u0438 \u0438 \u0431\u0435\u0437 \u0437\u0430\u043f\u043b\u0435\u0442\u043a\u0443\u0432\u0430\u045a\u0435 \u0441\u043e \u043e\u0432\u043e\u0458 <strong data-start=\"464\" data-end=\"498\">\u043f\u0440\u0435\u043d\u043e\u0441\u043b\u0438\u0432 \u043e\u0440\u0433\u0430\u043d\u0438\u0437\u0430\u0442\u043e\u0440 \u0437\u0430 \u043a\u0430\u0431\u043b\u0438<\/strong>! \ud83d\udd0c\u2728 \u041a\u043e\u043c\u043f\u0430\u043a\u0442\u0435\u043d, \u043b\u0435\u0441\u0435\u043d \u0438 \u043b\u0435\u0441\u0435\u043d \u0437\u0430 \u043d\u043e\u0441\u0435\u045a\u0435, \u0441\u043e\u0432\u0440\u0448\u0435\u043d \u0437\u0430 \u0434\u043e\u043c\u0430, \u043a\u0430\u043d\u0446\u0435\u043b\u0430\u0440\u0438\u0458\u0430 \u0438\u043b\u0438 \u043f\u0430\u0442\u0443\u0432\u0430\u045a\u0435. \u0417\u0431\u043e\u0433\u0443\u043c \u043d\u0435\u0440\u0435\u0434 \u043d\u0430 \u043a\u0430\u0431\u043b\u0438\u0442\u0435 \u0438 \u0443\u0436\u0438\u0432\u0430\u0458\u0442\u0435 \u0432\u043e \u0447\u0438\u0441\u0442 \u043f\u0440\u043e\u0441\u0442\u043e\u0440 \u043a\u0430\u0434\u0435 \u0438 \u0434\u0430 \u043e\u0434\u0438\u0442\u0435.<\/p>\n<p data-start=\"654\" data-end=\"952\"><strong data-start=\"654\" data-end=\"667\">Albanian:<\/strong><br data-start=\"667\" data-end=\"670\" \/>Mbani kabllot t\u00eb rregullta dhe pa ngat\u00ebrrime me k\u00ebt\u00eb <strong data-start=\"723\" data-end=\"758\">organizator kabllosh i portab\u00ebl<\/strong>! \ud83d\udd0c\u2728 I kompakt, i leht\u00eb dhe i leht\u00eb p\u00ebr t\u2019u marr\u00eb me vete, perfekt p\u00ebr sht\u00ebpi, zyr\u00eb ose udh\u00ebtime. Thuajni lamtumir\u00eb rr\u00ebmuj\u00ebs me kabllot dhe shijoni nj\u00eb hap\u00ebsir\u00eb t\u00eb rregullt kudo q\u00eb t\u00eb shkoni.<\/p>\n","protected":false},"excerpt":{"rendered":"<p>Keep your cables neat and tangle-free with this <strong data-start=\"186\" data-end=\"221\">Portable Cable Winder Organizer<\/strong>! \ud83d\udd0c\u2728 Compact, lightweight, and easy to carry, it\u2019s perfect for home, office, or travel. Say goodbye to messy cords and enjoy a clutter-free space anywhere you go.<\/p>\n","protected":false},"featured_media":354,"comment_status":"open","ping_status":"closed","template":"","meta":[],"product_brand":[],"product_cat":[34,33],"product_tag":[],"class_list":{"0":"post-366","1":"product","2":"type-product","3":"status-publish","4":"has-post-thumbnail","6":"product_cat-gift-ideas","7":"product_cat-car-accessories","9":"first","10":"instock","11":"shipping-taxable","12":"purchasable","13":"product-type-simple"},"jetpack_sharing_enabled":true,"_links":{"self":[{"href":"https:\/\/flynova.mk\/index.php?rest_route=\/wp\/v2\/product\/366","targetHints":{"allow":["GET"]}}],"collection":[{"href":"https:\/\/flynova.mk\/index.php?rest_route=\/wp\/v2\/product"}],"about":[{"href":"https:\/\/flynova.mk\/index.php?rest_route=\/wp\/v2\/types\/product"}],"replies":[{"embeddable":true,"href":"https:\/\/flynova.mk\/index.php?rest_route=%2Fwp%2Fv2%2Fcomments&post=366"}],"wp:featuredmedia":[{"embeddable":true,"href":"https:\/\/flynova.mk\/index.php?rest_route=\/wp\/v2\/media\/354"}],"wp:attachment":[{"href":"https:\/\/flynova.mk\/index.php?rest_route=%2Fwp%2Fv2%2Fmedia&parent=366"}],"wp:term":[{"taxonomy":"product_brand","embeddable":true,"href":"https:\/\/flynova.mk\/index.php?rest_route=%2Fwp%2Fv2%2Fproduct_brand&post=366"},{"taxonomy":"product_cat","embeddable":true,"href":"https:\/\/flynova.mk\/index.php?rest_route=%2Fwp%2Fv2%2Fproduct_cat&post=366"},{"taxonomy":"product_tag","embeddable":true,"href":"https:\/\/flynova.mk\/index.php?rest_route=%2Fwp%2Fv2%2Fproduct_tag&post=366"}],"curies":[{"name":"wp","href":"https:\/\/api.w.org\/{rel}","templated":true}]}}