{"id":363,"date":"2025-10-14T22:16:56","date_gmt":"2025-10-14T22:16:56","guid":{"rendered":"https:\/\/flynova.mk\/?post_type=product&#038;p=363"},"modified":"2025-10-27T13:45:18","modified_gmt":"2025-10-27T13:45:18","slug":"overtaken","status":"publish","type":"product","link":"https:\/\/flynova.mk\/?product=overtaken","title":{"rendered":"Overtaken"},"content":{"rendered":"<p data-start=\"467\" data-end=\"792\">\u0414\u043e\u0434\u0430\u0458\u0442\u0435 \u0443\u043d\u0438\u043a\u0430\u0442\u0435\u043d \u0434\u043e\u043f\u0438\u0440 \u0432\u043e \u0432\u0430\u0448\u0438\u043e\u0442 \u043f\u0440\u043e\u0441\u0442\u043e\u0440 \u0441\u043e \u043e\u0432\u0430\u0430 <strong data-start=\"455\" data-end=\"480\">\u0441\u043a\u0443\u043b\u043f\u0442\u0443\u0440\u0430 \u201eOvertaken\u201c<\/strong> \u2014 \u0440\u0430\u043a\u0430 \u043e\u0434\u043e\u0437\u0433\u043e\u0440\u0430 \u0438 \u0444\u0438\u0433\u0443\u0440\u0430 \u043a\u043e\u0458\u0430 \u0432\u0438\u0441\u0438 \u043f\u043e\u0434\u043e\u043b\u0443, \u043f\u043e\u0432\u0440\u0437\u0430\u043d\u0438 \u0441\u043e \u0442\u0435\u043d\u043a\u0438 \u043b\u0438\u043d\u0438\u0438. \ud83d\udd90\ufe0f\u2728 \u041c\u043e\u0434\u0435\u0440\u0435\u043d, \u0430\u0440\u0442\u0438\u0441\u0442\u0438\u0447\u043a\u0438 \u0443\u043a\u0440\u0430\u0441 \u043a\u043e\u0458 \u0435 \u0441\u043e\u0432\u0440\u0448\u0435\u043d \u0437\u0430 \u0432\u0440\u0430\u0442\u0438, \u043f\u043e\u043b\u0438\u0446\u0438 \u0438\u043b\u0438 \u0455\u0438\u0434\u043e\u0432\u0438.\u00eb q\u00eb varet posht\u00eb dhe linja t\u00eb holla q\u00eb sfidojn\u00eb gravitetin. \ud83d\udd90\ufe0f\ud83d\udda4 Nj\u00eb vep\u00ebr surrealiste q\u00eb p\u00ebrzihet realitetin me imagjinat\u00ebn, perfekte p\u00ebr ata q\u00eb duan dekor t\u00eb guximsh\u00ebm dhe enigmatik q\u00eb zgjon biseda.<\/p>\n<p data-start=\"467\" data-end=\"792\">Shtoni nj\u00eb prekje unike n\u00eb hap\u00ebsir\u00ebn tuaj me k\u00ebt\u00eb <strong data-start=\"692\" data-end=\"717\">skulptur\u00eb \u201cOvertaken\u201d<\/strong> \u2014 nj\u00eb dor\u00eb lart dhe nj\u00eb figur\u00eb q\u00eb varet posht\u00eb, e lidhur me linja t\u00eb holla. \ud83d\udd90\ufe0f\u2728 Nj\u00eb dekor modern dhe artistik, perfekt p\u00ebr dyer, rafte ose mure.<\/p>\n","protected":false},"excerpt":{"rendered":"<p>Add a unique touch to your space with this <strong data-start=\"206\" data-end=\"229\">Overtaken Sculpture<\/strong> \u2014 a hand above and a suspended figure below, connected by delicate lines. \ud83d\udd90\ufe0f\u2728 A modern, artistic d\u00e9cor piece that\u2019s perfect for doors, shelves, or walls.<\/p>\n","protected":false},"featured_media":352,"comment_status":"open","ping_status":"closed","template":"","meta":[],"product_brand":[],"product_cat":[34],"product_tag":[],"class_list":{"0":"post-363","1":"product","2":"type-product","3":"status-publish","4":"has-post-thumbnail","6":"product_cat-gift-ideas","8":"first","9":"instock","10":"shipping-taxable","11":"purchasable","12":"product-type-simple"},"jetpack_sharing_enabled":true,"_links":{"self":[{"href":"https:\/\/flynova.mk\/index.php?rest_route=\/wp\/v2\/product\/363","targetHints":{"allow":["GET"]}}],"collection":[{"href":"https:\/\/flynova.mk\/index.php?rest_route=\/wp\/v2\/product"}],"about":[{"href":"https:\/\/flynova.mk\/index.php?rest_route=\/wp\/v2\/types\/product"}],"replies":[{"embeddable":true,"href":"https:\/\/flynova.mk\/index.php?rest_route=%2Fwp%2Fv2%2Fcomments&post=363"}],"wp:featuredmedia":[{"embeddable":true,"href":"https:\/\/flynova.mk\/index.php?rest_route=\/wp\/v2\/media\/352"}],"wp:attachment":[{"href":"https:\/\/flynova.mk\/index.php?rest_route=%2Fwp%2Fv2%2Fmedia&parent=363"}],"wp:term":[{"taxonomy":"product_brand","embeddable":true,"href":"https:\/\/flynova.mk\/index.php?rest_route=%2Fwp%2Fv2%2Fproduct_brand&post=363"},{"taxonomy":"product_cat","embeddable":true,"href":"https:\/\/flynova.mk\/index.php?rest_route=%2Fwp%2Fv2%2Fproduct_cat&post=363"},{"taxonomy":"product_tag","embeddable":true,"href":"https:\/\/flynova.mk\/index.php?rest_route=%2Fwp%2Fv2%2Fproduct_tag&post=363"}],"curies":[{"name":"wp","href":"https:\/\/api.w.org\/{rel}","templated":true}]}}