{"id":346,"date":"2025-10-14T21:49:09","date_gmt":"2025-10-14T21:49:09","guid":{"rendered":"https:\/\/flynova.mk\/?post_type=product&#038;p=346"},"modified":"2025-10-27T13:40:48","modified_gmt":"2025-10-27T13:40:48","slug":"winter-cookie-cutters-10-pcs","status":"publish","type":"product","link":"https:\/\/flynova.mk\/?product=winter-cookie-cutters-10-pcs","title":{"rendered":"Winter Cookie Cutters 10-pcs"},"content":{"rendered":"<p data-start=\"379\" data-end=\"679\">\u041d\u0430\u043f\u0440\u0430\u0432\u0435\u0442\u0435 \u0433\u0438 \u0432\u0430\u0448\u0438\u0442\u0435 \u043f\u0440\u0430\u0437\u043d\u0438\u0446\u0438 \u0443\u0448\u0442\u0435 \u043f\u043e\u0441\u0435\u0431\u043d\u0438 \u0441\u043e \u043e\u0432\u043e\u0458 <strong data-start=\"447\" data-end=\"485\">\u0441\u0435\u0442 \u043e\u0434 10 \u0437\u0438\u043c\u0441\u043a\u0438 \u043a\u0430\u043b\u0430\u043f\u0438 \u0437\u0430 \u043a\u043e\u043b\u0430\u0447\u0438\u045a\u0430<\/strong>! \ud83c\udf6a\u2744\ufe0f \u0421\u043e\u0432\u0440\u0448\u0435\u043d\u0438 \u0437\u0430 \u0441\u043e\u0437\u0434\u0430\u0432\u0430\u045a\u0435 \u043f\u0440\u0430\u0437\u043d\u0438\u0447\u043d\u0438 \u0444\u043e\u0440\u043c\u0438 \u043a\u0430\u043a\u043e \u0441\u043d\u0435\u0436\u0438\u043d\u043a\u0438, \u0434\u0440\u0432\u0458\u0430 \u0438 \u043c\u043d\u043e\u0433\u0443 \u043f\u043e\u0432\u0435\u045c\u0435. \u041b\u0435\u0441\u043d\u0438 \u0437\u0430 \u043a\u043e\u0440\u0438\u0441\u0442\u0435\u045a\u0435, \u0431\u0435\u0437\u0431\u0435\u0434\u043d\u0438 \u0438 \u0437\u0430\u0431\u0430\u0432\u043d\u0438 \u0437\u0430 \u0446\u0435\u043b\u043e\u0442\u043e \u0441\u0435\u043c\u0435\u0458\u0441\u0442\u0432\u043e\u2014\u043d\u0430\u043f\u0440\u0430\u0432\u0435\u0442\u0435 \u0433\u0438 \u0432\u0430\u0448\u0438\u0442\u0435 \u043f\u0440\u0430\u0437\u043d\u0438\u0447\u043d\u0438 \u043a\u043e\u043b\u0430\u0447\u0438\u045a\u0430 \u043d\u0435\u0437\u0430\u0431\u043e\u0440\u0430\u0432\u043d\u0438!<\/p>\n<p data-start=\"681\" data-end=\"998\"><br data-start=\"694\" data-end=\"697\" \/>B\u00ebni q\u00eb festat tuaja t\u00eb jen\u00eb edhe m\u00eb speciale me k\u00ebt\u00eb <strong data-start=\"751\" data-end=\"794\">set prej 10 formash p\u00ebr biskota dim\u00ebrore<\/strong>! \ud83c\udf6a\u2744\ufe0f I p\u00ebrsosur p\u00ebr t\u00eb krijuar forma festive si bor\u00ebflakes, pem\u00eb dhe shum\u00eb t\u00eb tjera. I leht\u00eb p\u00ebr t\u2019u p\u00ebrdorur, i sigurt dhe arg\u00ebtues p\u00ebr t\u00eb gjith\u00eb familjen\u2014b\u00ebni biskotat tuaja festive t\u00eb paharrueshme!<\/p>\n","protected":false},"excerpt":{"rendered":"<p>\u041d\u0430\u043f\u0440\u0430\u0432\u0435\u0442\u0435 \u0433\u0438 \u0432\u0430\u0448\u0438\u0442\u0435 \u043f\u0440\u0430\u0437\u043d\u0438\u0446\u0438 \u0443\u0448\u0442\u0435 \u043f\u043e\u0441\u0435\u0431\u043d\u0438 \u0441\u043e \u043e\u0432\u043e\u0458 \u0441\u0435\u0442 \u043e\u0434 10 \u0437\u0438\u043c\u0441\u043a\u0438 \u043a\u0430\u043b\u0430\u043f\u0438 \u0437\u0430 \u043a\u043e\u043b\u0430\u0447\u0438\u045a\u0430! \ud83c\udf6a\u2744\ufe0f \u0421\u043e\u0432\u0440\u0448\u0435\u043d\u0438 \u0437\u0430 \u0441\u043e\u0437\u0434\u0430\u0432\u0430\u045a\u0435 \u043f\u0440\u0430\u0437\u043d\u0438\u0447\u043d\u0438 \u0444\u043e\u0440\u043c\u0438 \u043a\u0430\u043a\u043e \u0441\u043d\u0435\u0436\u0438\u043d\u043a\u0438, \u0434\u0440\u0432\u0458\u0430 \u0438 \u043c\u043d\u043e\u0433\u0443 \u043f\u043e\u0432\u0435\u045c\u0435. \u041b\u0435\u0441\u043d\u0438 \u0437\u0430 \u043a\u043e\u0440\u0438\u0441\u0442\u0435\u045a\u0435, \u0431\u0435\u0437\u0431\u0435\u0434\u043d\u0438 \u0438 \u0437\u0430\u0431\u0430\u0432\u043d\u0438 \u0437\u0430 \u0446\u0435\u043b\u043e\u0442\u043e \u0441\u0435\u043c\u0435\u0458\u0441\u0442\u0432\u043e\u2014\u043d\u0430\u043f\u0440\u0430\u0432\u0435\u0442\u0435 \u0433\u0438 \u0432\u0430\u0448\u0438\u0442\u0435 \u043f\u0440\u0430\u0437\u043d\u0438\u0447\u043d\u0438 \u043a\u043e\u043b\u0430\u0447\u0438\u045a\u0430 \u043d\u0435\u0437\u0430\u0431\u043e\u0440\u0430\u0432\u043d\u0438! B\u00ebni q\u00eb festat tuaja t\u00eb jen\u00eb edhe m\u00eb speciale&#8230;<\/p>\n","protected":false},"featured_media":297,"comment_status":"open","ping_status":"closed","template":"","meta":[],"product_brand":[],"product_cat":[22],"product_tag":[],"class_list":{"0":"post-346","1":"product","2":"type-product","3":"status-publish","4":"has-post-thumbnail","6":"product_cat-christmas","8":"first","9":"instock","10":"sale","11":"shipping-taxable","12":"purchasable","13":"product-type-simple"},"jetpack_sharing_enabled":true,"_links":{"self":[{"href":"https:\/\/flynova.mk\/index.php?rest_route=\/wp\/v2\/product\/346","targetHints":{"allow":["GET"]}}],"collection":[{"href":"https:\/\/flynova.mk\/index.php?rest_route=\/wp\/v2\/product"}],"about":[{"href":"https:\/\/flynova.mk\/index.php?rest_route=\/wp\/v2\/types\/product"}],"replies":[{"embeddable":true,"href":"https:\/\/flynova.mk\/index.php?rest_route=%2Fwp%2Fv2%2Fcomments&post=346"}],"wp:featuredmedia":[{"embeddable":true,"href":"https:\/\/flynova.mk\/index.php?rest_route=\/wp\/v2\/media\/297"}],"wp:attachment":[{"href":"https:\/\/flynova.mk\/index.php?rest_route=%2Fwp%2Fv2%2Fmedia&parent=346"}],"wp:term":[{"taxonomy":"product_brand","embeddable":true,"href":"https:\/\/flynova.mk\/index.php?rest_route=%2Fwp%2Fv2%2Fproduct_brand&post=346"},{"taxonomy":"product_cat","embeddable":true,"href":"https:\/\/flynova.mk\/index.php?rest_route=%2Fwp%2Fv2%2Fproduct_cat&post=346"},{"taxonomy":"product_tag","embeddable":true,"href":"https:\/\/flynova.mk\/index.php?rest_route=%2Fwp%2Fv2%2Fproduct_tag&post=346"}],"curies":[{"name":"wp","href":"https:\/\/api.w.org\/{rel}","templated":true}]}}