{"id":332,"date":"2025-10-14T20:40:19","date_gmt":"2025-10-14T20:40:19","guid":{"rendered":"https:\/\/flynova.mk\/?post_type=product&#038;p=332"},"modified":"2025-10-27T13:42:37","modified_gmt":"2025-10-27T13:42:37","slug":"christmas-decor-door-corner-grinch","status":"publish","type":"product","link":"https:\/\/flynova.mk\/?product=christmas-decor-door-corner-grinch","title":{"rendered":"Christmas Door Corner Grinch"},"content":{"rendered":"<p data-start=\"384\" data-end=\"673\">\u0414\u043e\u0434\u0430\u0458\u0442\u0435 \u0437\u0430\u0438\u0433\u0440\u0430\u043d \u0434\u0443\u0445 \u043d\u0430 \u0432\u0430\u0448\u0430\u0442\u0430 \u043f\u0440\u0430\u0437\u043d\u0438\u0447\u043d\u0430 \u0434\u0435\u043a\u043e\u0440\u0430\u0446\u0438\u0458\u0430 \u0441\u043e \u043e\u0432\u043e\u0458 <strong data-start=\"461\" data-end=\"493\">\u0413\u0440\u0438\u043d\u0447 \u0443\u043a\u0440\u0430\u0441 \u0437\u0430 \u0430\u0433\u043e\u043b \u043d\u0430 \u0432\u0440\u0430\u0442\u0430<\/strong>! \ud83c\udf84\ud83d\ude08 \u0421\u043e\u0432\u0440\u0448\u0435\u043d \u0437\u0430 \u0432\u0440\u0430\u0442\u0438, \u0455\u0438\u0434\u043e\u0432\u0438 \u0438\u043b\u0438 \u0430\u0433\u043b\u0438, \u0441\u043e \u043d\u0435\u043f\u043e\u0441\u043b\u0443\u0448\u043d\u0438\u043e\u0442 \u0413\u0440\u0438\u043d\u0447 \u043f\u043e\u0434\u0433\u043e\u0442\u0432\u0435\u043d \u0434\u0430 \u0433\u043e \u0443\u043a\u0440\u0430\u0434\u0435 \u0448\u043e\u0443\u0442\u043e. \u041b\u0435\u0441\u0435\u043d \u0437\u0430 \u0437\u0430\u043a\u0430\u0447\u0443\u0432\u0430\u045a\u0435 \u0438 \u0433\u0430\u0440\u0430\u043d\u0442\u0438\u0440\u0430\u043d\u043e \u045c\u0435 \u0434\u043e\u043d\u0435\u0441\u0435 \u0441\u043c\u0435\u0435\u045a\u0435 \u0438 \u043f\u0440\u0430\u0437\u043d\u0438\u0447\u043d\u0430 \u0437\u0430\u0431\u0430\u0432\u0430 \u0432\u043e \u0432\u0430\u0448\u0438\u043e\u0442 \u0434\u043e\u043c.<\/p>\n<p data-start=\"675\" data-end=\"969\"><strong data-start=\"675\" data-end=\"688\">Albanian:<\/strong><br data-start=\"688\" data-end=\"691\" \/>Shtoni nj\u00eb prekje lozonjare n\u00eb dekorimet tuaja festive me k\u00ebt\u00eb <strong data-start=\"754\" data-end=\"789\">dekor p\u00ebr k\u00ebndin e der\u00ebs Grinch<\/strong>! \ud83c\udf84\ud83d\ude08 E p\u00ebrsosur p\u00ebr dyer, mure ose k\u00ebnde, me Grinch-un mischievous gati p\u00ebr t\u00eb rr\u00ebmbyer v\u00ebmendjen. E leht\u00eb p\u00ebr t\u2019u varur dhe do t\u00eb sjell\u00eb t\u00eb qeshura dhe fest\u00eb n\u00eb sht\u00ebpin\u00eb tuaj.<\/p>\n","protected":false},"excerpt":{"rendered":"<p>Add a playful twist to your holiday decorations with this <strong data-start=\"172\" data-end=\"200\">Grinch door corner d\u00e9cor<\/strong>! \ud83c\udf84\ud83d\ude08 Perfect for doors, walls, or corners, it features the mischievous Grinch ready to steal the show. Easy to hang and guaranteed to bring laughter and festive fun to your home.<\/p>\n","protected":false},"featured_media":296,"comment_status":"open","ping_status":"closed","template":"","meta":[],"product_brand":[],"product_cat":[22],"product_tag":[],"class_list":{"0":"post-332","1":"product","2":"type-product","3":"status-publish","4":"has-post-thumbnail","6":"product_cat-christmas","8":"first","9":"instock","10":"sale","11":"shipping-taxable","12":"purchasable","13":"product-type-simple"},"jetpack_sharing_enabled":true,"_links":{"self":[{"href":"https:\/\/flynova.mk\/index.php?rest_route=\/wp\/v2\/product\/332","targetHints":{"allow":["GET"]}}],"collection":[{"href":"https:\/\/flynova.mk\/index.php?rest_route=\/wp\/v2\/product"}],"about":[{"href":"https:\/\/flynova.mk\/index.php?rest_route=\/wp\/v2\/types\/product"}],"replies":[{"embeddable":true,"href":"https:\/\/flynova.mk\/index.php?rest_route=%2Fwp%2Fv2%2Fcomments&post=332"}],"wp:featuredmedia":[{"embeddable":true,"href":"https:\/\/flynova.mk\/index.php?rest_route=\/wp\/v2\/media\/296"}],"wp:attachment":[{"href":"https:\/\/flynova.mk\/index.php?rest_route=%2Fwp%2Fv2%2Fmedia&parent=332"}],"wp:term":[{"taxonomy":"product_brand","embeddable":true,"href":"https:\/\/flynova.mk\/index.php?rest_route=%2Fwp%2Fv2%2Fproduct_brand&post=332"},{"taxonomy":"product_cat","embeddable":true,"href":"https:\/\/flynova.mk\/index.php?rest_route=%2Fwp%2Fv2%2Fproduct_cat&post=332"},{"taxonomy":"product_tag","embeddable":true,"href":"https:\/\/flynova.mk\/index.php?rest_route=%2Fwp%2Fv2%2Fproduct_tag&post=332"}],"curies":[{"name":"wp","href":"https:\/\/api.w.org\/{rel}","templated":true}]}}