{"id":331,"date":"2025-10-14T20:38:57","date_gmt":"2025-10-14T20:38:57","guid":{"rendered":"https:\/\/flynova.mk\/?post_type=product&#038;p=331"},"modified":"2025-10-27T13:42:40","modified_gmt":"2025-10-27T13:42:40","slug":"christmas-wreath","status":"publish","type":"product","link":"https:\/\/flynova.mk\/?product=christmas-wreath","title":{"rendered":"Christmas Wreath"},"content":{"rendered":"<p>\u0414\u043e\u043d\u0435\u0441\u0435\u0442\u0435 \u043f\u0440\u0430\u0437\u043d\u0438\u0447\u043d\u0430 \u0440\u0430\u0434\u043e\u0441\u0442 \u0432\u043e \u0432\u0430\u0448\u0438\u043e\u0442 \u0434\u043e\u043c \u0441\u043e \u043e\u0432\u043e\u0458 <strong data-start=\"431\" data-end=\"453\">\u0443\u0431\u0430\u0432 \u0431\u043e\u0436\u0438\u045c\u0435\u043d \u0432\u0435\u043d\u0435\u0446<\/strong>! \ud83c\udf84\u2728 \u0421\u043e\u0432\u0440\u0448\u0435\u043d \u0437\u0430 \u0432\u0440\u0430\u0442\u0438, \u0455\u0438\u0434\u043e\u0432\u0438 \u0438\u043b\u0438 \u043a\u0430\u043c\u0438\u043d\u0438, \u0441\u043e \u0431\u0443\u0458\u043d\u0430 \u0437\u0435\u043b\u0435\u043d\u0438\u043b\u0430, \u0441\u0435\u0437\u043e\u043d\u0441\u043a\u0438 \u0443\u043a\u0440\u0430\u0441\u0438 \u0438 \u043c\u0430\u043b\u043a\u0443 \u043f\u0440\u0430\u0437\u043d\u0438\u0447\u0435\u043d \u0441\u0458\u0430\u0458. \u041b\u0435\u0441\u0435\u043d \u0437\u0430 \u0437\u0430\u043a\u0430\u0447\u0443\u0432\u0430\u045a\u0435 \u0438 \u0433\u0430\u0440\u0430\u043d\u0442\u0438\u0440\u0430\u043d\u043e \u045c\u0435 \u0433\u0438 \u043f\u0440\u0435\u0447\u0435\u043a\u0430 \u0432\u0430\u0448\u0438\u0442\u0435 \u0433\u043e\u0441\u0442\u0438 \u0441\u043e \u043c\u0430\u0433\u0438\u0458\u0430 \u043d\u0430 \u0411\u043e\u0436\u0438\u045c.<\/p>\n<p data-start=\"639\" data-end=\"938\"><strong data-start=\"639\" data-end=\"652\">Albanian:<\/strong><br data-start=\"652\" data-end=\"655\" \/>Shtoni g\u00ebzim festiv n\u00eb sht\u00ebpin\u00eb tuaj me k\u00ebt\u00eb <strong data-start=\"700\" data-end=\"732\">bukuri kuror\u00eb Krishtlindjeje<\/strong>! \ud83c\udf84\u2728 E p\u00ebrsosur p\u00ebr dyer, mure ose komina, me gjelb\u00ebrim t\u00eb dendur, dekorime sezonale dhe nj\u00eb prekje shk\u00eblqimi festiv. E leht\u00eb p\u00ebr t\u2019u varur dhe do t\u00eb mir\u00ebpres\u00eb mysafir\u00ebt tuaj me magjin\u00eb e Krishtlindjeve.<\/p>\n","protected":false},"excerpt":{"rendered":"<p>Bring festive cheer to your home with this <strong data-start=\"134\" data-end=\"164\">beautiful Christmas wreath<\/strong>! \ud83c\udf84\u2728 Perfect for doors, walls, or mantels, it features lush greenery, seasonal decorations, and a touch of holiday sparkle. Easy to hang and guaranteed to welcome your guests with Christmas magic.<\/p>\n","protected":false},"featured_media":295,"comment_status":"open","ping_status":"closed","template":"","meta":[],"product_brand":[],"product_cat":[22],"product_tag":[],"class_list":{"0":"post-331","1":"product","2":"type-product","3":"status-publish","4":"has-post-thumbnail","6":"product_cat-christmas","8":"first","9":"instock","10":"sale","11":"shipping-taxable","12":"purchasable","13":"product-type-simple"},"jetpack_sharing_enabled":true,"_links":{"self":[{"href":"https:\/\/flynova.mk\/index.php?rest_route=\/wp\/v2\/product\/331","targetHints":{"allow":["GET"]}}],"collection":[{"href":"https:\/\/flynova.mk\/index.php?rest_route=\/wp\/v2\/product"}],"about":[{"href":"https:\/\/flynova.mk\/index.php?rest_route=\/wp\/v2\/types\/product"}],"replies":[{"embeddable":true,"href":"https:\/\/flynova.mk\/index.php?rest_route=%2Fwp%2Fv2%2Fcomments&post=331"}],"wp:featuredmedia":[{"embeddable":true,"href":"https:\/\/flynova.mk\/index.php?rest_route=\/wp\/v2\/media\/295"}],"wp:attachment":[{"href":"https:\/\/flynova.mk\/index.php?rest_route=%2Fwp%2Fv2%2Fmedia&parent=331"}],"wp:term":[{"taxonomy":"product_brand","embeddable":true,"href":"https:\/\/flynova.mk\/index.php?rest_route=%2Fwp%2Fv2%2Fproduct_brand&post=331"},{"taxonomy":"product_cat","embeddable":true,"href":"https:\/\/flynova.mk\/index.php?rest_route=%2Fwp%2Fv2%2Fproduct_cat&post=331"},{"taxonomy":"product_tag","embeddable":true,"href":"https:\/\/flynova.mk\/index.php?rest_route=%2Fwp%2Fv2%2Fproduct_tag&post=331"}],"curies":[{"name":"wp","href":"https:\/\/api.w.org\/{rel}","templated":true}]}}