{"id":207,"date":"2025-10-11T21:56:22","date_gmt":"2025-10-11T21:56:22","guid":{"rendered":"https:\/\/flynova.mk\/?post_type=product&#038;p=207"},"modified":"2025-10-27T13:44:08","modified_gmt":"2025-10-27T13:44:08","slug":"1-keychain-spinner","status":"publish","type":"product","link":"https:\/\/flynova.mk\/?product=1-keychain-spinner","title":{"rendered":"Keychain Spinner"},"content":{"rendered":"<p>\u2728 <strong data-start=\"241\" data-end=\"299\">#1 Keychain Spinner \u2013 \u0441\u0442\u0438\u043b, \u043a\u0432\u0430\u043b\u0438\u0442\u0435\u0442 \u0438 \u0437\u0430\u0431\u0430\u0432\u0430 \u0432\u043e \u0435\u0434\u043d\u043e!<\/strong><br data-start=\"299\" data-end=\"302\" \/>\u0421\u043e\u0432\u0440\u0448\u0435\u043d \u0434\u043e\u0434\u0430\u0442\u043e\u043a \u0437\u0430 \u0442\u0432\u043e\u0438\u0442\u0435 \u043a\u043b\u0443\u0447\u0435\u0432\u0438 \u2013 \u0443\u043d\u0438\u043a\u0430\u0442\u0435\u043d, \u043c\u043e\u0434\u0435\u0440\u0435\u043d \u0438 \u0438\u0437\u0440\u0430\u0431\u043e\u0442\u0435\u043d \u0441\u043e \u043f\u0440\u0435\u0446\u0438\u0437\u043d\u043e\u0441\u0442. \u0421\u043e \u0435\u043b\u0435\u0433\u0430\u043d\u0442\u0435\u043d \u0434\u0438\u0437\u0430\u0458\u043d \u0438 \u043c\u0430\u0437\u043d\u043e \u0432\u0440\u0442\u0435\u045a\u0435, \u043e\u0432\u043e\u0458 \u0441\u043f\u0438\u043d\u0435\u0440 \u045c\u0435 \u0433\u043e \u043d\u0430\u043f\u0440\u0430\u0432\u0438 \u0441\u0435\u043a\u043e\u0458 \u043c\u043e\u043c\u0435\u043d\u0442 \u043f\u043e\u0441\u0435\u0431\u0435\u043d. \u041f\u043e\u0434\u0430\u0440\u043e\u043a \u0448\u0442\u043e \u0441\u0435 \u043f\u0430\u043c\u0435\u0442\u0438 \u0438 \u0434\u0435\u0442\u0430\u043b \u0448\u0442\u043e \u043f\u0440\u0438\u0432\u043b\u0435\u043a\u0443\u0432\u0430 \u0432\u043d\u0438\u043c\u0430\u043d\u0438\u0435.<\/p>\n<p><strong data-start=\"563\" data-end=\"621\">#1 Keychain Spinner \u2013 stil, cil\u00ebsi dhe arg\u00ebtim n\u00eb nj\u00eb!<\/strong><br data-start=\"621\" data-end=\"624\" \/>Aksesor perfekt p\u00ebr \u00e7el\u00ebsat tuaj \u2013 unik, modern dhe i punuar me kujdes. Me dizajn elegant dhe rrotullim t\u00eb but\u00eb, ky spinner e b\u00ebn \u00e7do moment m\u00eb t\u00eb ve\u00e7ant\u00eb. Dhurat\u00eb q\u00eb mbetet n\u00eb mendje dhe detaj q\u00eb t\u00ebrheq v\u00ebmendjen.<\/p>\n<p>&nbsp;<\/p>\n<p>&nbsp;<\/p>\n","protected":false},"excerpt":{"rendered":"<p><strong data-start=\"102\" data-end=\"159\">#1 Keychain Spinner \u2013 style, quality, and fun in one!<\/strong><br data-start=\"159\" data-end=\"162\" \/>The perfect accessory for your keys \u2013 unique, modern, and crafted with care. With its elegant design and smooth spin, this spinner makes every moment special. A memorable gift and an eye-catching detail that stands out everywhere. \u2728<\/p>\n","protected":false},"featured_media":269,"comment_status":"open","ping_status":"closed","template":"","meta":[],"product_brand":[],"product_cat":[22,34],"product_tag":[],"class_list":{"0":"post-207","1":"product","2":"type-product","3":"status-publish","4":"has-post-thumbnail","6":"product_cat-christmas","7":"product_cat-gift-ideas","9":"first","10":"instock","11":"featured","12":"shipping-taxable","13":"purchasable","14":"product-type-variable"},"jetpack_sharing_enabled":true,"_links":{"self":[{"href":"https:\/\/flynova.mk\/index.php?rest_route=\/wp\/v2\/product\/207","targetHints":{"allow":["GET"]}}],"collection":[{"href":"https:\/\/flynova.mk\/index.php?rest_route=\/wp\/v2\/product"}],"about":[{"href":"https:\/\/flynova.mk\/index.php?rest_route=\/wp\/v2\/types\/product"}],"replies":[{"embeddable":true,"href":"https:\/\/flynova.mk\/index.php?rest_route=%2Fwp%2Fv2%2Fcomments&post=207"}],"wp:featuredmedia":[{"embeddable":true,"href":"https:\/\/flynova.mk\/index.php?rest_route=\/wp\/v2\/media\/269"}],"wp:attachment":[{"href":"https:\/\/flynova.mk\/index.php?rest_route=%2Fwp%2Fv2%2Fmedia&parent=207"}],"wp:term":[{"taxonomy":"product_brand","embeddable":true,"href":"https:\/\/flynova.mk\/index.php?rest_route=%2Fwp%2Fv2%2Fproduct_brand&post=207"},{"taxonomy":"product_cat","embeddable":true,"href":"https:\/\/flynova.mk\/index.php?rest_route=%2Fwp%2Fv2%2Fproduct_cat&post=207"},{"taxonomy":"product_tag","embeddable":true,"href":"https:\/\/flynova.mk\/index.php?rest_route=%2Fwp%2Fv2%2Fproduct_tag&post=207"}],"curies":[{"name":"wp","href":"https:\/\/api.w.org\/{rel}","templated":true}]}}